{"id":24073,"date":"2015-12-03T19:00:26","date_gmt":"2015-12-03T19:00:26","guid":{"rendered":"https:\/\/felaurentides.org\/en\/inscrivez-vous\/"},"modified":"2017-04-06T19:29:06","modified_gmt":"2017-04-06T19:29:06","slug":"registration","status":"publish","type":"page","link":"https:\/\/microentreprendrechl.com\/en\/registration\/","title":{"rendered":"Registration"},"content":{"rendered":"<section class=\"wpb-content-wrapper\"><p>[vc_row full_width=&#8221;stretch_row&#8221; bg_type=&#8221;image&#8221; parallax_style=&#8221;vcpb-vz-jquery&#8221; bg_image_new=&#8221;21767&#8243; bg_image_repeat=&#8221;no-repeat&#8221; parallax_sense=&#8221;50&#8243; bg_override=&#8221;full&#8221; disable_on_mobile_img_parallax=&#8221;off&#8221; parallax_content=&#8221;off&#8221; fadeout_row=&#8221;off&#8221; enable_overlay=&#8221;enable_overlay_value&#8221; overlay_color=&#8221;rgba(8,173,167,0.86)&#8221; css=&#8221;.vc_custom_1432046933082{padding-top: 100px !important;padding-bottom: 80px !important;}&#8221;][vc_column]<h1 class=\"boc_heading no_text_transform center  \"  style=\"margin-bottom: 20px;margin-top: 0px;color: #ffffff;\"><span>Registration.<\/span><\/h1><div class=\"boc_divider_holder\"><div class=\"boc_divider  \"  style=\"margin-top: 20px;margin-bottom: 20px;width: 100px;margin-left: auto; margin-right: auto;height: 1px;background: rgba(255,255,255,0.3);\"><\/div><\/div>[\/vc_column][\/vc_row][vc_row][vc_column][vc_column_text]<\/p>\n<div id=\"id_346_358\" class=\"article\">\n<h3 class=\"article_title din-med red\">Cancellation Policy<\/h3>\n<div class=\"article_excerpt georgia italic grey\">For all cancellations, please advise us at least 2 business days in advance. Afterthat delay, we will not reimburse or exchange your training.<\/div>\n<div class=\"article_excerpt georgia italic grey\"><span lang=\"en\">We reserve the right to cancel group training if the number of registrations is insufficient.<\/span><\/div>\n<\/div>\n<p>[\/vc_column_text][\/vc_column][\/vc_row][vc_row][vc_column width=&#8221;1\/2&#8243;][vc_column_text]<\/p>\n<div id=\"id_192_204\" class=\"article\">\n<h3 class=\"article_title din-med red\">New application<\/h3>\n<p><span lang=\"en\">Do you have a business idea?<\/span><\/p>\n<p>We can advise you in assessing your needs, improving your business plan, updating your financial forecasts and we can accompany you in your search for financing.<\/p>\n<div class=\"article_text helvetica grey\">\n<p><strong>Cost <\/strong>: $ 100<\/p>\n<p><b>For more information, call us<\/b>\u00a0: 1-888-782-3553<\/p>\n<\/div>\n<\/div>\n<p>[\/vc_column_text][vc_column_text]<\/p>\n<form action=\"https:\/\/www.paypal.com\/cgi-bin\/webscr\" method=\"post\" target=\"_top\"><input name=\"cmd\" type=\"hidden\" value=\"_s-xclick\" \/> <input name=\"hosted_button_id\" type=\"hidden\" value=\"FK9CJL5V64KZW\" \/> <input alt=\"PayPal - la solution de paiement en ligne la plus simple et la plus s\u00e9curis\u00e9e !\" name=\"submit\" src=\"https:\/\/www.paypalobjects.com\/fr_CA\/i\/btn\/btn_buynowCC_LG.gif\" type=\"image\" \/> <img loading=\"lazy\" decoding=\"async\" src=\"https:\/\/www.paypalobjects.com\/fr_CA\/i\/scr\/pixel.gif\" alt=\"\" width=\"1\" height=\"1\" border=\"0\" \/><\/form>\n<p>[\/vc_column_text][vc_column_text]<\/p>\n<h3>Business start-up training<\/h3>\n<p>The Fonds d&#8217;Emprunt can help you develop your business plan through our company start-up training.<\/p>\n<p><b>Cost : <\/b>$ 100\u00a0$\u00a0for 6 courses of 3 hours[\/vc_column_text][vc_column_text]<\/p>\n<form action=\"https:\/\/www.paypal.com\/cgi-bin\/webscr\" method=\"post\" target=\"_top\"><input name=\"cmd\" type=\"hidden\" value=\"_s-xclick\" \/> <input name=\"hosted_button_id\" type=\"hidden\" value=\"FK9CJL5V64KZW\" \/> <input alt=\"PayPal - la solution de paiement en ligne la plus simple et la plus s\u00e9curis\u00e9e !\" name=\"submit\" src=\"https:\/\/www.paypalobjects.com\/fr_CA\/i\/btn\/btn_buynowCC_LG.gif\" type=\"image\" \/> <img loading=\"lazy\" decoding=\"async\" src=\"https:\/\/www.paypalobjects.com\/fr_CA\/i\/scr\/pixel.gif\" alt=\"\" width=\"1\" height=\"1\" border=\"0\" \/><\/form>\n<p>[\/vc_column_text][\/vc_column][vc_column width=&#8221;1\/2&#8243;][vc_column_text]<\/p>\n<h3>Loan<\/h3>\n<p>Entrepreneurs can submit for a loan request.\u00a0 Loans can range between $ 500 to $ 10 000\u00a0for start-up capital, expansions or consolidation of a business.<\/p>\n<p><strong>Cost <\/strong>: $\u00a050[\/vc_column_text][vc_column_text]<\/p>\n<form action=\"https:\/\/www.paypal.com\/cgi-bin\/webscr\" method=\"post\" target=\"_top\"><input name=\"cmd\" type=\"hidden\" value=\"_s-xclick\" \/> <input name=\"hosted_button_id\" type=\"hidden\" value=\"XU29SL5NV3LXL\" \/> <input alt=\"PayPal - la solution de paiement en ligne la plus simple et la plus s\u00e9curis\u00e9e !\" name=\"submit\" src=\"https:\/\/www.paypalobjects.com\/fr_CA\/i\/btn\/btn_buynowCC_LG.gif\" type=\"image\" \/> <img loading=\"lazy\" decoding=\"async\" src=\"https:\/\/www.paypalobjects.com\/fr_CA\/i\/scr\/pixel.gif\" alt=\"\" width=\"1\" height=\"1\" border=\"0\" \/><\/form>\n<p>[\/vc_column_text][\/vc_column][\/vc_row][vc_row][vc_column]<div class=\"boc_spacing \" style=\"height: 60px\"><\/div>[\/vc_column][\/vc_row][vc_row][vc_column width=&#8221;1\/3&#8243;]<h2 class=\"boc_heading  al_left  \"  style=\"margin-bottom: 20px;margin-top: 24px;color: #333333;font-size: 32px;\"><span>Our <strong class=\"text_rotate\">Partners;Ressources<\/strong><\/span><\/h2><h3 class=\"boc_heading  al_left  boc_subheading \"  style=\"margin-bottom: 20px;margin-top: 0px;color: #a8a8a8;\"><span>Partners to better make your business grow.<\/span><\/h3><div class=\"boc_divider_holder\"><div class=\"boc_divider  \"  style=\"margin-top: 24px;margin-bottom: 24px;width: 100px;height: 2px;background: #f4f4f4;\"><\/div><\/div>[vc_column_text]<span id=\"result_box\" lang=\"en\"><span class=\"hps\">Our partners<\/span> <span class=\"hps\">and<\/span> <span class=\"hps\">resources have been<\/span> <span class=\"hps\">carefully selected<\/span> <span class=\"hps\">so you can<\/span> <span class=\"hps\">challenge yourself<\/span> <span class=\"hps\">and reach<\/span> <span class=\"hps\">new heights.<\/span><\/span>[\/vc_column_text]<div class=\"boc_spacing \" style=\"height: 40px\"><\/div>[\/vc_column][vc_column width=&#8221;2\/3&#8243;]<div class=\"logo_gallery  left_border\"><div class=\"grid_holder  big_spacing\" id=\"img_gallery_938ddadae7627c2233462bf4a3fe59ff\"><div class=\"col span_1_of_3 info_item isotope_element boc_animate_when_almost_visible boc_bottom-to-top\">\r\n\t\t\t\t\t\t\t<div class=\"pic  img_hover_effect2\">\r\n\t\t\t\t\t\t<a href=\"https:\/\/www.economie.gouv.qc.ca\/accueil\/?no_cache=1\" target=\"_blank\"  class=\"tooltipsy\" original-title=\"Minist\u00e8re de l&#8217;\u00e9conomie, de la science et de l&#8217;innovation\">\r\n\t\t\t\t\t\t\t<img decoding=\"async\" src=\"https:\/\/microentreprendrechl.com\/wp-content\/uploads\/2015\/03\/logo_mesi.gif\" alt=\"\"\/>\r\n\t\t\t\t\t\t<\/a><\/div>\r\n\t\t\t\t\t<\/div><div class=\"col span_1_of_3 info_item isotope_element boc_animate_when_almost_visible boc_bottom-to-top\">\r\n\t\t\t\t\t\t\t<div class=\"pic  img_hover_effect2\">\r\n\t\t\t\t\t\t<a href=\"http:\/\/dec-ced.gc.ca\/fra\/index.html\" target=\"_blank\"  class=\"tooltipsy\" original-title=\"D\u00e9veloppement-\u00e9conomique-Canada\">\r\n\t\t\t\t\t\t\t<img decoding=\"async\" src=\"https:\/\/microentreprendrechl.com\/wp-content\/uploads\/2014\/11\/D\u00e9veloppement-\u00e9conomique-Canada1.jpg\" alt=\"\"\/>\r\n\t\t\t\t\t\t<\/a><\/div>\r\n\t\t\t\t\t<\/div><div class=\"col span_1_of_3 info_item isotope_element boc_animate_when_almost_visible boc_bottom-to-top\">\r\n\t\t\t\t\t\t\t<div class=\"pic  img_hover_effect2\">\r\n\t\t\t\t\t\t<a href=\"http:\/\/www.canadianwomen.org\/fr\" target=\"_blank\"  class=\"tooltipsy\" original-title=\"Fondation Canadienne des femmes\">\r\n\t\t\t\t\t\t\t<img decoding=\"async\" src=\"https:\/\/microentreprendrechl.com\/wp-content\/uploads\/2014\/11\/canadienswomwnsfoundation.jpg\" alt=\"\"\/>\r\n\t\t\t\t\t\t<\/a><\/div>\r\n\t\t\t\t\t<\/div><div class=\"col span_1_of_3 info_item isotope_element boc_animate_when_almost_visible boc_bottom-to-top\">\r\n\t\t\t\t\t\t\t<div class=\"pic  img_hover_effect2\">\r\n\t\t\t\t\t\t<a href=\"http:\/\/www.rqcc.qc.ca\/\" target=\"_blank\"  class=\"tooltipsy\" original-title=\"R\u00e9seau qu\u00e9b\u00e9cois du cr\u00e9dit communautaire\">\r\n\t\t\t\t\t\t\t<img decoding=\"async\" src=\"https:\/\/microentreprendrechl.com\/wp-content\/uploads\/2014\/11\/reseauquebecoisducreditcommunautaire.jpg\" alt=\"\"\/>\r\n\t\t\t\t\t\t<\/a><\/div>\r\n\t\t\t\t\t<\/div><div class=\"col span_1_of_3 info_item isotope_element boc_animate_when_almost_visible boc_bottom-to-top\">\r\n\t\t\t\t\t\t\t<div class=\"pic  img_hover_effect2\">\r\n\t\t\t\t\t\t<a href=\"https:\/\/www.desjardins.com\/index.jsp\" target=\"_blank\"  class=\"tooltipsy\" original-title=\"Desjardins\">\r\n\t\t\t\t\t\t\t<img decoding=\"async\" src=\"https:\/\/microentreprendrechl.com\/wp-content\/uploads\/2014\/11\/desjardins.jpg\" alt=\"\"\/>\r\n\t\t\t\t\t\t<\/a><\/div>\r\n\t\t\t\t\t<\/div><div class=\"col span_1_of_3 info_item isotope_element boc_animate_when_almost_visible boc_bottom-to-top\">\r\n\t\t\t\t\t\t\t<div class=\"pic  img_hover_effect2\">\r\n\t\t\t\t\t\t<a href=\"http:\/\/fondationlisewatier.com\/\" target=\"_blank\"  class=\"tooltipsy\" original-title=\"Fondation Lise Watier\">\r\n\t\t\t\t\t\t\t<img decoding=\"async\" src=\"https:\/\/microentreprendrechl.com\/wp-content\/uploads\/2015\/03\/logo_header_fr.jpg\" alt=\"\"\/>\r\n\t\t\t\t\t\t<\/a><\/div>\r\n\t\t\t\t\t<\/div><div class=\"col span_1_of_3 info_item isotope_element boc_animate_when_almost_visible boc_bottom-to-top\">\r\n\t\t\t\t\t\t\t<div class=\"pic  img_hover_effect2\">\r\n\t\t\t\t\t\t<a href=\"http:\/\/www.4kornerscenter.org\/fr\/\" target=\"_blank\"  class=\"tooltipsy\" original-title=\"4Korners\">\r\n\t\t\t\t\t\t\t<img decoding=\"async\" src=\"https:\/\/microentreprendrechl.com\/wp-content\/uploads\/2014\/11\/4Korners.jpg\" alt=\"\"\/>\r\n\t\t\t\t\t\t<\/a><\/div>\r\n\t\t\t\t\t<\/div><\/div><\/div>[\/vc_column][\/vc_row][vc_row full_width=&#8221;stretch_row&#8221; bg_type=&#8221;bg_color&#8221; enable_overlay=&#8221;enable_overlay_value&#8221; overlay_color=&#8221;rgba(8,173,167,0.9)&#8221; el_class=&#8221;white_text&#8221; css=&#8221;.vc_custom_1428439249281{margin-bottom: 0px !important;padding-top: 24px !important;padding-bottom: 20px !important;}&#8221; bg_color_value=&#8221;#08ada7&#8243;][vc_column]<div class=\"text_box  box_no_bgr \"><div class=\"text_box_content with_button\"><h2>Do you have questions? Our team will be happy to enlighten you!<\/h2>\r\n\t\t\t\t\t<p><\/p>\r\n\t\t\t\t<\/div><div class=\"btn_holder\"><a\thref=\"https:\/\/microentreprendrechl.com\/en\/contact-us\/\" \r\n\t\t\t\t\tclass=\"button  btn_medium_stretched btn_white btn_circled btn_outline icon_pos_after \"  target='_self'><span>Contact-Us<\/span> <i class='icon icon icon-angle-right2'><\/i> <\/a><\/div><\/div>[\/vc_column][\/vc_row]<\/p>\n<\/section>","protected":false},"excerpt":{"rendered":"<p>[vc_row full_width=&#8221;stretch_row&#8221; bg_type=&#8221;image&#8221; parallax_style=&#8221;vcpb-vz-jquery&#8221; bg_image_new=&#8221;21767&#8243; bg_image_repeat=&#8221;no-repeat&#8221; parallax_sense=&#8221;50&#8243; bg_override=&#8221;full&#8221; disable_on_mobile_img_parallax=&#8221;off&#8221; parallax_content=&#8221;off&#8221; fadeout_row=&#8221;off&#8221; enable_overlay=&#8221;enable_overlay_value&#8221; overlay_color=&#8221;rgba(8,173,167,0.86)&#8221; css=&#8221;.vc_custom_1432046933082{padding-top: 100px !important;padding-bottom: 80px !important;}&#8221;][vc_column][\/vc_column][\/vc_row][vc_row][vc_column][vc_column_text] Cancellation Policy For all cancellations, please advise us at least 2 business days in advance. Afterthat delay, we will not reimburse or exchange your training. We reserve the right to cancel group training if the number of registrations is insufficient. [\/vc_column_text][\/vc_column][\/vc_row][vc_row][vc_column width=&#8221;1\/2&#8243;][vc_column_text]<\/p>\n<div class=\"h10\"><\/div>\n<p><a class=\"more-link2\" href=\"https:\/\/microentreprendrechl.com\/en\/registration\/\">Read more<\/a><\/p>\n","protected":false},"author":10,"featured_media":0,"parent":0,"menu_order":0,"comment_status":"closed","ping_status":"closed","template":"","meta":{"footnotes":""},"class_list":["post-24073","page","type-page","status-publish","hentry"],"yoast_head":"<!-- This site is optimized with the Yoast SEO plugin v27.0 - https:\/\/yoast.com\/product\/yoast-seo-wordpress\/ -->\n<title>Registration - Fonds d&#039;emprunt<\/title>\n<meta name=\"robots\" content=\"index, follow, max-snippet:-1, max-image-preview:large, max-video-preview:-1\" \/>\n<link rel=\"canonical\" href=\"https:\/\/microentreprendrechl.com\/en\/registration\/\" \/>\n<meta property=\"og:locale\" content=\"en_US\" \/>\n<meta property=\"og:type\" content=\"article\" \/>\n<meta property=\"og:title\" content=\"Registration - Fonds d&#039;emprunt\" \/>\n<meta property=\"og:description\" content=\"[vc_row full_width=&#8221;stretch_row&#8221; bg_type=&#8221;image&#8221; parallax_style=&#8221;vcpb-vz-jquery&#8221; bg_image_new=&#8221;21767&#8243; bg_image_repeat=&#8221;no-repeat&#8221; parallax_sense=&#8221;50&#8243; bg_override=&#8221;full&#8221; disable_on_mobile_img_parallax=&#8221;off&#8221; parallax_content=&#8221;off&#8221; fadeout_row=&#8221;off&#8221; enable_overlay=&#8221;enable_overlay_value&#8221; overlay_color=&#8221;rgba(8,173,167,0.86)&#8221; css=&#8221;.vc_custom_1432046933082{padding-top: 100px !important;padding-bottom: 80px !important;}&#8221;][vc_column][\/vc_column][\/vc_row][vc_row][vc_column][vc_column_text] Cancellation Policy For all cancellations, please advise us at least 2 business days in advance. Afterthat delay, we will not reimburse or exchange your training. We reserve the right to cancel group training if the number of registrations is insufficient. [\/vc_column_text][\/vc_column][\/vc_row][vc_row][vc_column width=&#8221;1\/2&#8243;][vc_column_text]Read more\" \/>\n<meta property=\"og:url\" content=\"https:\/\/microentreprendrechl.com\/en\/registration\/\" \/>\n<meta property=\"og:site_name\" content=\"Fonds d&#039;emprunt\" \/>\n<meta property=\"article:publisher\" content=\"https:\/\/www.facebook.com\/MicroEntreprendreCHL\" \/>\n<meta property=\"article:modified_time\" content=\"2017-04-06T19:29:06+00:00\" \/>\n<meta property=\"og:image\" content=\"https:\/\/www.paypalobjects.com\/fr_CA\/i\/scr\/pixel.gif\" \/>\n<meta name=\"twitter:card\" content=\"summary_large_image\" \/>\n<meta name=\"twitter:label1\" content=\"Est. reading time\" \/>\n\t<meta name=\"twitter:data1\" content=\"3 minutes\" \/>\n<script type=\"application\/ld+json\" class=\"yoast-schema-graph\">{\"@context\":\"https:\/\/schema.org\",\"@graph\":[{\"@type\":\"WebPage\",\"@id\":\"https:\/\/microentreprendrechl.com\/en\/registration\/\",\"url\":\"https:\/\/microentreprendrechl.com\/en\/registration\/\",\"name\":\"Registration - Fonds d&#039;emprunt\",\"isPartOf\":{\"@id\":\"https:\/\/microentreprendrechl.com\/#website\"},\"primaryImageOfPage\":{\"@id\":\"https:\/\/microentreprendrechl.com\/en\/registration\/#primaryimage\"},\"image\":{\"@id\":\"https:\/\/microentreprendrechl.com\/en\/registration\/#primaryimage\"},\"thumbnailUrl\":\"https:\/\/www.paypalobjects.com\/fr_CA\/i\/scr\/pixel.gif\",\"datePublished\":\"2015-12-03T19:00:26+00:00\",\"dateModified\":\"2017-04-06T19:29:06+00:00\",\"breadcrumb\":{\"@id\":\"https:\/\/microentreprendrechl.com\/en\/registration\/#breadcrumb\"},\"inLanguage\":\"en-US\",\"potentialAction\":[{\"@type\":\"ReadAction\",\"target\":[\"https:\/\/microentreprendrechl.com\/en\/registration\/\"]}]},{\"@type\":\"ImageObject\",\"inLanguage\":\"en-US\",\"@id\":\"https:\/\/microentreprendrechl.com\/en\/registration\/#primaryimage\",\"url\":\"https:\/\/www.paypalobjects.com\/fr_CA\/i\/scr\/pixel.gif\",\"contentUrl\":\"https:\/\/www.paypalobjects.com\/fr_CA\/i\/scr\/pixel.gif\"},{\"@type\":\"BreadcrumbList\",\"@id\":\"https:\/\/microentreprendrechl.com\/en\/registration\/#breadcrumb\",\"itemListElement\":[{\"@type\":\"ListItem\",\"position\":1,\"name\":\"Accueil\",\"item\":\"https:\/\/microentreprendrechl.com\/en\/\"},{\"@type\":\"ListItem\",\"position\":2,\"name\":\"Registration\"}]},{\"@type\":\"WebSite\",\"@id\":\"https:\/\/microentreprendrechl.com\/#website\",\"url\":\"https:\/\/microentreprendrechl.com\/\",\"name\":\"MicroEntreprendre CHL\",\"description\":\"Propulsez votre entreprise vers les plus hauts sommets\",\"potentialAction\":[{\"@type\":\"SearchAction\",\"target\":{\"@type\":\"EntryPoint\",\"urlTemplate\":\"https:\/\/microentreprendrechl.com\/?s={search_term_string}\"},\"query-input\":{\"@type\":\"PropertyValueSpecification\",\"valueRequired\":true,\"valueName\":\"search_term_string\"}}],\"inLanguage\":\"en-US\"}]}<\/script>\n<!-- \/ Yoast SEO plugin. -->","yoast_head_json":{"title":"Registration - Fonds d&#039;emprunt","robots":{"index":"index","follow":"follow","max-snippet":"max-snippet:-1","max-image-preview":"max-image-preview:large","max-video-preview":"max-video-preview:-1"},"canonical":"https:\/\/microentreprendrechl.com\/en\/registration\/","og_locale":"en_US","og_type":"article","og_title":"Registration - Fonds d&#039;emprunt","og_description":"[vc_row full_width=&#8221;stretch_row&#8221; bg_type=&#8221;image&#8221; parallax_style=&#8221;vcpb-vz-jquery&#8221; bg_image_new=&#8221;21767&#8243; bg_image_repeat=&#8221;no-repeat&#8221; parallax_sense=&#8221;50&#8243; bg_override=&#8221;full&#8221; disable_on_mobile_img_parallax=&#8221;off&#8221; parallax_content=&#8221;off&#8221; fadeout_row=&#8221;off&#8221; enable_overlay=&#8221;enable_overlay_value&#8221; overlay_color=&#8221;rgba(8,173,167,0.86)&#8221; css=&#8221;.vc_custom_1432046933082{padding-top: 100px !important;padding-bottom: 80px !important;}&#8221;][vc_column][\/vc_column][\/vc_row][vc_row][vc_column][vc_column_text] Cancellation Policy For all cancellations, please advise us at least 2 business days in advance. Afterthat delay, we will not reimburse or exchange your training. We reserve the right to cancel group training if the number of registrations is insufficient. [\/vc_column_text][\/vc_column][\/vc_row][vc_row][vc_column width=&#8221;1\/2&#8243;][vc_column_text]Read more","og_url":"https:\/\/microentreprendrechl.com\/en\/registration\/","og_site_name":"Fonds d&#039;emprunt","article_publisher":"https:\/\/www.facebook.com\/MicroEntreprendreCHL","article_modified_time":"2017-04-06T19:29:06+00:00","og_image":[{"url":"https:\/\/www.paypalobjects.com\/fr_CA\/i\/scr\/pixel.gif","type":"","width":"","height":""}],"twitter_card":"summary_large_image","twitter_misc":{"Est. reading time":"3 minutes"},"schema":{"@context":"https:\/\/schema.org","@graph":[{"@type":"WebPage","@id":"https:\/\/microentreprendrechl.com\/en\/registration\/","url":"https:\/\/microentreprendrechl.com\/en\/registration\/","name":"Registration - Fonds d&#039;emprunt","isPartOf":{"@id":"https:\/\/microentreprendrechl.com\/#website"},"primaryImageOfPage":{"@id":"https:\/\/microentreprendrechl.com\/en\/registration\/#primaryimage"},"image":{"@id":"https:\/\/microentreprendrechl.com\/en\/registration\/#primaryimage"},"thumbnailUrl":"https:\/\/www.paypalobjects.com\/fr_CA\/i\/scr\/pixel.gif","datePublished":"2015-12-03T19:00:26+00:00","dateModified":"2017-04-06T19:29:06+00:00","breadcrumb":{"@id":"https:\/\/microentreprendrechl.com\/en\/registration\/#breadcrumb"},"inLanguage":"en-US","potentialAction":[{"@type":"ReadAction","target":["https:\/\/microentreprendrechl.com\/en\/registration\/"]}]},{"@type":"ImageObject","inLanguage":"en-US","@id":"https:\/\/microentreprendrechl.com\/en\/registration\/#primaryimage","url":"https:\/\/www.paypalobjects.com\/fr_CA\/i\/scr\/pixel.gif","contentUrl":"https:\/\/www.paypalobjects.com\/fr_CA\/i\/scr\/pixel.gif"},{"@type":"BreadcrumbList","@id":"https:\/\/microentreprendrechl.com\/en\/registration\/#breadcrumb","itemListElement":[{"@type":"ListItem","position":1,"name":"Accueil","item":"https:\/\/microentreprendrechl.com\/en\/"},{"@type":"ListItem","position":2,"name":"Registration"}]},{"@type":"WebSite","@id":"https:\/\/microentreprendrechl.com\/#website","url":"https:\/\/microentreprendrechl.com\/","name":"MicroEntreprendre CHL","description":"Propulsez votre entreprise vers les plus hauts sommets","potentialAction":[{"@type":"SearchAction","target":{"@type":"EntryPoint","urlTemplate":"https:\/\/microentreprendrechl.com\/?s={search_term_string}"},"query-input":{"@type":"PropertyValueSpecification","valueRequired":true,"valueName":"search_term_string"}}],"inLanguage":"en-US"}]}},"_links":{"self":[{"href":"https:\/\/microentreprendrechl.com\/en\/wp-json\/wp\/v2\/pages\/24073","targetHints":{"allow":["GET"]}}],"collection":[{"href":"https:\/\/microentreprendrechl.com\/en\/wp-json\/wp\/v2\/pages"}],"about":[{"href":"https:\/\/microentreprendrechl.com\/en\/wp-json\/wp\/v2\/types\/page"}],"author":[{"embeddable":true,"href":"https:\/\/microentreprendrechl.com\/en\/wp-json\/wp\/v2\/users\/10"}],"replies":[{"embeddable":true,"href":"https:\/\/microentreprendrechl.com\/en\/wp-json\/wp\/v2\/comments?post=24073"}],"version-history":[{"count":0,"href":"https:\/\/microentreprendrechl.com\/en\/wp-json\/wp\/v2\/pages\/24073\/revisions"}],"wp:attachment":[{"href":"https:\/\/microentreprendrechl.com\/en\/wp-json\/wp\/v2\/media?parent=24073"}],"curies":[{"name":"wp","href":"https:\/\/api.w.org\/{rel}","templated":true}]}}