{"id":25373,"date":"2018-08-03T12:15:22","date_gmt":"2018-08-03T12:15:22","guid":{"rendered":"https:\/\/felaurentides.org\/actualites\/"},"modified":"2018-08-06T16:49:25","modified_gmt":"2018-08-06T16:49:25","slug":"actualites","status":"publish","type":"page","link":"http:\/\/microentreprendrechl.com\/en\/actualites\/","title":{"rendered":"ACTUALIT\u00c9S"},"content":{"rendered":"<section class=\"wpb-content-wrapper\"><p>[vc_row full_width=&#8221;stretch_row&#8221; bg_type=&#8221;image&#8221; parallax_style=&#8221;vcpb-vz-jquery&#8221; bg_image_new=&#8221;25353&#8243; bg_image_repeat=&#8221;no-repeat&#8221; parallax_sense=&#8221;50&#8243; disable_on_mobile_img_parallax=&#8221;off&#8221; parallax_content=&#8221;parallax_content_value&#8221; parallax_content_sense=&#8221;70&#8243; fadeout_row=&#8221;fadeout_row_value&#8221; fadeout_start_effect=&#8221;50&#8243; enable_overlay=&#8221;enable_overlay_value&#8221; overlay_color=&#8221;rgba(12,13,13,0.5)&#8221; overlay_pattern=&#8221;transperant&#8221; overlay_pattern_opacity=&#8221;0&#8243; seperator_enable=&#8221;seperator_enable_value&#8221; seperator_type=&#8221;triangle_svg_seperator&#8221; seperator_position=&#8221;bottom_seperator&#8221; seperator_svg_height=&#8221;12&#8243; seperator_shape_background=&#8221;#08ada7&#8243; css=&#8221;.vc_custom_1533571429261{margin-bottom: 0px !important;padding-top: 250px !important;padding-bottom: 160px !important;}&#8221;][vc_column]<h1 class=\"boc_heading  center  \"  style=\"margin-bottom: 20px;margin-top: 0px;color: #ffffff;font-size: 52px;\"><span>Latest <strong>News<\/strong><\/span><\/h1><div class=\"boc_divider_holder\"><div class=\"boc_divider  \"  style=\"margin-top: 24px;margin-bottom: 30px;width: 100px;margin-left: auto; margin-right: auto;height: 1px;background: rgba(255,255,255,0.3);\"><\/div><\/div><h2 class=\"boc_heading  center  boc_subheading \"  style=\"margin-bottom: 20px;margin-top: 0px;color: #e5e5e5;font-size: 26px;\"><span>Discover our latest news, publications and events<\/span><\/h2>[\/vc_column][\/vc_row][vc_row full_width=&#8221;stretch_row&#8221; bg_type=&#8221;bg_color&#8221; enable_overlay=&#8221;enable_overlay_value&#8221; overlay_color=&#8221;rgba(8,173,167,0.9)&#8221; el_class=&#8221;white_text&#8221; css=&#8221;.vc_custom_1428439249281{margin-bottom: 0px !important;padding-top: 24px !important;padding-bottom: 20px !important;}&#8221; bg_color_value=&#8221;#08ada7&#8243;][vc_column]<div class=\"text_box  box_no_bgr \"><div class=\"text_box_content with_button\"><h2>For more information on our products and services<\/h2>\r\n\t\t\t\t\t<p><\/p>\r\n\t\t\t\t<\/div><div class=\"btn_holder\"><a\thref=\"\/en\/contact-us\/\" \r\n\t\t\t\t\tclass=\"button  btn_medium_stretched btn_white btn_circled btn_outline icon_pos_after \"  target='_self'><span>Click Here!<\/span> <i class='icon icon icon-angle-right2'><\/i> <\/a><\/div><\/div>[\/vc_column][\/vc_row][vc_row bg_type=&#8221;bg_color&#8221; seperator_enable=&#8221;off&#8221;][vc_column]<div class=\"boc_spacing \" style=\"height: 70px\"><\/div><div id = \"post_grid_e5c54cb9b97dad2d65a10823587e2d05\" class=\"grid_holder animated_items\"><div class=\"col span_1_of_3 info_item isotope_element\">\r\n\t\t\t\t\t\t\t<div class=\"post_item_block boc_anim_hidden boc_bottom-to-top boxed\"><div class=\"pic  img_hover_effect4\"><a href=\"http:\/\/microentreprendrechl.com\/en\/meli-melo-rigolo-2\/\"><img decoding=\"async\" src=\"http:\/\/microentreprendrechl.com\/wp-content\/uploads\/2019\/01\/M\u00e9lissa_M\u00e9li-M\u00e9lo_logo-900X-494.jpg\"\/><div class=\"img_overlay\"><span class=\"hover_icon icon_plus\"><\/span><\/div><\/a><\/div><div class=\"post_item_desc dark_links\"><h4><a href=\"http:\/\/microentreprendrechl.com\/en\/meli-melo-rigolo-2\/\">M\u00e9li-M\u00e9lo Rigolo<\/a><\/h4><div class=\"small_post_date\"><span class=\"icon icon-calendar2\"><\/span> &nbsp; February 15, 2019<\/div><p>En ce d\u00e9but de nouvelle ann\u00e9e, nous souhaitions vous pr\u00e9senter une <\/p><a href=\"http:\/\/microentreprendrechl.com\/en\/meli-melo-rigolo-2\/\" class='more-link1'>Read more<\/a>\t\t<\/div>\r\n\t\t\t\t<\/div>\r\n\t\t\t\t<\/div><div class=\"col span_1_of_3 info_item isotope_element\">\r\n\t\t\t\t\t\t\t<div class=\"post_item_block boc_anim_hidden boc_bottom-to-top boxed\"><div class=\"pic  img_hover_effect4\"><a href=\"http:\/\/microentreprendrechl.com\/en\/veronique-baker-ocils\/\"><img decoding=\"async\" src=\"http:\/\/microentreprendrechl.com\/wp-content\/uploads\/2019\/02\/V\u00e9ronique-Baker-OCils-900X500.jpg\"\/><div class=\"img_overlay\"><span class=\"hover_icon icon_plus\"><\/span><\/div><\/a><\/div><div class=\"post_item_desc dark_links\"><h4><a href=\"http:\/\/microentreprendrechl.com\/en\/veronique-baker-ocils\/\">Veronique Baker &#8211; O&#8217;Cils<\/a><\/h4><div class=\"small_post_date\"><span class=\"icon icon-calendar2\"><\/span> &nbsp; February 11, 2019<\/div><p>Lashes! You find that it gives pretty eyes, a deep and sexy look, but you <\/p><a href=\"http:\/\/microentreprendrechl.com\/en\/veronique-baker-ocils\/\" class='more-link1'>Read more<\/a>\t\t<\/div>\r\n\t\t\t\t<\/div>\r\n\t\t\t\t<\/div><div class=\"col span_1_of_3 info_item isotope_element\">\r\n\t\t\t\t\t\t\t<div class=\"post_item_block boc_anim_hidden boc_bottom-to-top boxed\"><div class=\"pic  img_hover_effect4\"><a href=\"http:\/\/microentreprendrechl.com\/en\/centre-armonia\/\"><img decoding=\"async\" src=\"http:\/\/microentreprendrechl.com\/wp-content\/uploads\/2018\/12\/Denise-Guerra-900X500-_logo.jpg\"\/><div class=\"img_overlay\"><span class=\"hover_icon icon_plus\"><\/span><\/div><\/a><\/div><div class=\"post_item_desc dark_links\"><h4><a href=\"http:\/\/microentreprendrechl.com\/en\/centre-armonia\/\">Armonia Center<\/a><\/h4><div class=\"small_post_date\"><span class=\"icon icon-calendar2\"><\/span> &nbsp; December 26, 2018<\/div><p>Let us introduce you to Denise Guerra, massage therapist and entrepreneur.  She <\/p><a href=\"http:\/\/microentreprendrechl.com\/en\/centre-armonia\/\" class='more-link1'>Read more<\/a>\t\t<\/div>\r\n\t\t\t\t<\/div>\r\n\t\t\t\t<\/div><div class=\"col span_1_of_3 info_item isotope_element\">\r\n\t\t\t\t\t\t\t<div class=\"post_item_block boc_anim_hidden boc_bottom-to-top boxed\"><div class=\"pic  img_hover_effect4\"><a href=\"http:\/\/microentreprendrechl.com\/en\/libre-empreinte-inc\/\"><img decoding=\"async\" src=\"http:\/\/microentreprendrechl.com\/wp-content\/uploads\/2018\/12\/Libre-Empreinte-_logo-900X498.jpg\"\/><div class=\"img_overlay\"><span class=\"hover_icon icon_plus\"><\/span><\/div><\/a><\/div><div class=\"post_item_desc dark_links\"><h4><a href=\"http:\/\/microentreprendrechl.com\/en\/libre-empreinte-inc\/\">Libre Empreinte inc,<\/a><\/h4><div class=\"small_post_date\"><span class=\"icon icon-calendar2\"><\/span> &nbsp; December 18, 2018<\/div><p>J\u00e9r\u00f4me Dallaire is one of three shareholders and the co-founder of Libre <\/p><a href=\"http:\/\/microentreprendrechl.com\/en\/libre-empreinte-inc\/\" class='more-link1'>Read more<\/a>\t\t<\/div>\r\n\t\t\t\t<\/div>\r\n\t\t\t\t<\/div><div class=\"col span_1_of_3 info_item isotope_element\">\r\n\t\t\t\t\t\t\t<div class=\"post_item_block boc_anim_hidden boc_bottom-to-top boxed\"><div class=\"pic  img_hover_effect4\"><a href=\"http:\/\/microentreprendrechl.com\/en\/comptabilite-sj\/\"><img decoding=\"async\" src=\"http:\/\/microentreprendrechl.com\/wp-content\/uploads\/2018\/12\/Sylvie_logo-900X497.jpg\"\/><div class=\"img_overlay\"><span class=\"hover_icon icon_plus\"><\/span><\/div><\/a><\/div><div class=\"post_item_desc dark_links\"><h4><a href=\"http:\/\/microentreprendrechl.com\/en\/comptabilite-sj\/\">Comptabilit\u00e9 SJ<\/a><\/h4><div class=\"small_post_date\"><span class=\"icon icon-calendar2\"><\/span> &nbsp; December 6, 2018<\/div><p>The entrepreneur of the month is a bubbly, generous, focussed, women who we can <\/p><a href=\"http:\/\/microentreprendrechl.com\/en\/comptabilite-sj\/\" class='more-link1'>Read more<\/a>\t\t<\/div>\r\n\t\t\t\t<\/div>\r\n\t\t\t\t<\/div><div class=\"col span_1_of_3 info_item isotope_element\">\r\n\t\t\t\t\t\t\t<div class=\"post_item_block boc_anim_hidden boc_bottom-to-top boxed\"><div class=\"pic  img_hover_effect4\"><a href=\"http:\/\/microentreprendrechl.com\/en\/paon-design-2\/\"><img decoding=\"async\" src=\"http:\/\/microentreprendrechl.com\/wp-content\/uploads\/2018\/11\/Audrey5_-salon-logo-900X497.jpg\"\/><div class=\"img_overlay\"><span class=\"hover_icon icon_plus\"><\/span><\/div><\/a><\/div><div class=\"post_item_desc dark_links\"><h4><a href=\"http:\/\/microentreprendrechl.com\/en\/paon-design-2\/\">Paon Design<\/a><\/h4><div class=\"small_post_date\"><span class=\"icon icon-calendar2\"><\/span> &nbsp; November 14, 2018<\/div><p>Have you ever wondered how to dress your windows? How to dress a steel door <\/p><a href=\"http:\/\/microentreprendrechl.com\/en\/paon-design-2\/\" class='more-link1'>Read more<\/a>\t\t<\/div>\r\n\t\t\t\t<\/div>\r\n\t\t\t\t<\/div><div class=\"col span_1_of_3 info_item isotope_element\">\r\n\t\t\t\t\t\t\t<div class=\"post_item_block boc_anim_hidden boc_bottom-to-top boxed\"><div class=\"pic  img_hover_effect4\"><a href=\"http:\/\/microentreprendrechl.com\/en\/nuit-magic-inc\/\"><img decoding=\"async\" src=\"http:\/\/microentreprendrechl.com\/wp-content\/uploads\/2018\/09\/Annick-Filion-Nuit-Magic-900X497.jpg\"\/><div class=\"img_overlay\"><span class=\"hover_icon icon_plus\"><\/span><\/div><\/a><\/div><div class=\"post_item_desc dark_links\"><h4><a href=\"http:\/\/microentreprendrechl.com\/en\/nuit-magic-inc\/\">Nuit Magic inc.<\/a><\/h4><div class=\"small_post_date\"><span class=\"icon icon-calendar2\"><\/span> &nbsp; September 11, 2018<\/div><p>Have you ever seen flying lanterns at night? This moment of sweetness where one <\/p><a href=\"http:\/\/microentreprendrechl.com\/en\/nuit-magic-inc\/\" class='more-link1'>Read more<\/a>\t\t<\/div>\r\n\t\t\t\t<\/div>\r\n\t\t\t\t<\/div><div class=\"col span_1_of_3 info_item isotope_element\">\r\n\t\t\t\t\t\t\t<div class=\"post_item_block boc_anim_hidden boc_bottom-to-top boxed\"><div class=\"pic  img_hover_effect4\"><a href=\"http:\/\/microentreprendrechl.com\/en\/n%ce%bbd%ce%bb-eco-atelier\/\"><img decoding=\"async\" src=\"http:\/\/microentreprendrechl.com\/wp-content\/uploads\/2018\/08\/Laurence-NADA-900X499.jpg\"\/><div class=\"img_overlay\"><span class=\"hover_icon icon_plus\"><\/span><\/div><\/a><\/div><div class=\"post_item_desc dark_links\"><h4><a href=\"http:\/\/microentreprendrechl.com\/en\/n%ce%bbd%ce%bb-eco-atelier\/\">N\u03bbD\u03bb eco atelier<\/a><\/h4><div class=\"small_post_date\"><span class=\"icon icon-calendar2\"><\/span> &nbsp; August 28, 2018<\/div><p>We invite you to discover a young Laurentian fashion designer who has chosen a <\/p><a href=\"http:\/\/microentreprendrechl.com\/en\/n%ce%bbd%ce%bb-eco-atelier\/\" class='more-link1'>Read more<\/a>\t\t<\/div>\r\n\t\t\t\t<\/div>\r\n\t\t\t\t<\/div><div class=\"col span_1_of_3 info_item isotope_element\">\r\n\t\t\t\t\t\t\t<div class=\"post_item_block boc_anim_hidden boc_bottom-to-top boxed\"><div class=\"pic  img_hover_effect4\"><a href=\"http:\/\/microentreprendrechl.com\/en\/skifute\/\"><img decoding=\"async\" src=\"http:\/\/microentreprendrechl.com\/wp-content\/uploads\/2018\/08\/Gen-et-logo2-1.jpg\"\/><div class=\"img_overlay\"><span class=\"hover_icon icon_plus\"><\/span><\/div><\/a><\/div><div class=\"post_item_desc dark_links\"><h4><a href=\"http:\/\/microentreprendrechl.com\/en\/skifute\/\">Skifut\u00e9 etc.<\/a><\/h4><div class=\"small_post_date\"><span class=\"icon icon-calendar2\"><\/span> &nbsp; August 22, 2018<\/div><p>Genevi\u00e8ve L&#039;Abb\u00e9 took part in the start-up training session of the Fonds <\/p><a href=\"http:\/\/microentreprendrechl.com\/en\/skifute\/\" class='more-link1'>Read more<\/a>\t\t<\/div>\r\n\t\t\t\t<\/div>\r\n\t\t\t\t<\/div><div class=\"col span_1_of_3 info_item isotope_element\">\r\n\t\t\t\t\t\t\t<div class=\"post_item_block boc_anim_hidden boc_bottom-to-top boxed\"><div class=\"pic  img_hover_effect4\"><a href=\"http:\/\/microentreprendrechl.com\/en\/fromagerie-saint-sauveur\/\"><img decoding=\"async\" src=\"http:\/\/microentreprendrechl.com\/wp-content\/uploads\/2018\/08\/Foodies-Fromagerie-900x500.jpg\"\/><div class=\"img_overlay\"><span class=\"hover_icon icon_plus\"><\/span><\/div><\/a><\/div><div class=\"post_item_desc dark_links\"><h4><a href=\"http:\/\/microentreprendrechl.com\/en\/fromagerie-saint-sauveur\/\">Fromagerie Saint-Sauveur<\/a><\/h4><div class=\"small_post_date\"><span class=\"icon icon-calendar2\"><\/span> &nbsp; April 23, 2018<\/div><p>Nancy Olivier took part in the s&#039;Entreprendre Program offered by the Fonds <\/p><a href=\"http:\/\/microentreprendrechl.com\/en\/fromagerie-saint-sauveur\/\" class='more-link1'>Read more<\/a>\t\t<\/div>\r\n\t\t\t\t<\/div>\r\n\t\t\t\t<\/div><div class=\"col span_1_of_3 info_item isotope_element\">\r\n\t\t\t\t\t\t\t<div class=\"post_item_block boc_anim_hidden boc_bottom-to-top boxed\"><div class=\"pic  img_hover_effect4\"><a href=\"http:\/\/microentreprendrechl.com\/en\/leelooart\/\"><img decoding=\"async\" src=\"http:\/\/microentreprendrechl.com\/wp-content\/uploads\/2018\/03\/Marie-Lauzon-900X499.png\"\/><div class=\"img_overlay\"><span class=\"hover_icon icon_plus\"><\/span><\/div><\/a><\/div><div class=\"post_item_desc dark_links\"><h4><a href=\"http:\/\/microentreprendrechl.com\/en\/leelooart\/\">Leelooart<\/a><\/h4><div class=\"small_post_date\"><span class=\"icon icon-calendar2\"><\/span> &nbsp; March 13, 2018<\/div><p>Have you heard about Leelooart or Marie Lauzon? Marie or Leelooart is a <\/p><a href=\"http:\/\/microentreprendrechl.com\/en\/leelooart\/\" class='more-link1'>Read more<\/a>\t\t<\/div>\r\n\t\t\t\t<\/div>\r\n\t\t\t\t<\/div><div class=\"col span_1_of_3 info_item isotope_element\">\r\n\t\t\t\t\t\t\t<div class=\"post_item_block boc_anim_hidden boc_bottom-to-top boxed\"><div class=\"pic  img_hover_effect4\"><a href=\"http:\/\/microentreprendrechl.com\/en\/gomme-de-sapin-du-nord-inc\/\"><img decoding=\"async\" src=\"http:\/\/microentreprendrechl.com\/wp-content\/uploads\/2018\/08\/McTear-et-logo.jpg\"\/><div class=\"img_overlay\"><span class=\"hover_icon icon_plus\"><\/span><\/div><\/a><\/div><div class=\"post_item_desc dark_links\"><h4><a href=\"http:\/\/microentreprendrechl.com\/en\/gomme-de-sapin-du-nord-inc\/\">Gomme de Sapin du Nord inc.<\/a><\/h4><div class=\"small_post_date\"><span class=\"icon icon-calendar2\"><\/span> &nbsp; November 6, 2017<\/div><p>Daniel McTear from Gomme de Sapin du Nord inc. manufactures patented high-end <\/p><a href=\"http:\/\/microentreprendrechl.com\/en\/gomme-de-sapin-du-nord-inc\/\" class='more-link1'>Read more<\/a>\t\t<\/div>\r\n\t\t\t\t<\/div>\r\n\t\t\t\t<\/div>\r\n\t\t\t<\/div>\r\n\t\t\t<div class=\"h10 clear\"><\/div>[\/vc_column][\/vc_row]<\/p>\n<\/section>","protected":false},"excerpt":{"rendered":"<p>[vc_row full_width=&#8221;stretch_row&#8221; bg_type=&#8221;image&#8221; parallax_style=&#8221;vcpb-vz-jquery&#8221; bg_image_new=&#8221;25353&#8243; bg_image_repeat=&#8221;no-repeat&#8221; parallax_sense=&#8221;50&#8243; disable_on_mobile_img_parallax=&#8221;off&#8221; parallax_content=&#8221;parallax_content_value&#8221; parallax_content_sense=&#8221;70&#8243; fadeout_row=&#8221;fadeout_row_value&#8221; fadeout_start_effect=&#8221;50&#8243; enable_overlay=&#8221;enable_overlay_value&#8221; overlay_color=&#8221;rgba(12,13,13,0.5)&#8221; overlay_pattern=&#8221;transperant&#8221; overlay_pattern_opacity=&#8221;0&#8243; seperator_enable=&#8221;seperator_enable_value&#8221; seperator_type=&#8221;triangle_svg_seperator&#8221; seperator_position=&#8221;bottom_seperator&#8221; seperator_svg_height=&#8221;12&#8243; seperator_shape_background=&#8221;#08ada7&#8243; css=&#8221;.vc_custom_1533571429261{margin-bottom: 0px !important;padding-top: 250px !important;padding-bottom: 160px !important;}&#8221;][vc_column][\/vc_column][\/vc_row][vc_row full_width=&#8221;stretch_row&#8221; bg_type=&#8221;bg_color&#8221; enable_overlay=&#8221;enable_overlay_value&#8221; overlay_color=&#8221;rgba(8,173,167,0.9)&#8221; el_class=&#8221;white_text&#8221; css=&#8221;.vc_custom_1428439249281{margin-bottom: 0px !important;padding-top: 24px !important;padding-bottom: 20px !important;}&#8221; bg_color_value=&#8221;#08ada7&#8243;][vc_column][\/vc_column][\/vc_row][vc_row bg_type=&#8221;bg_color&#8221; seperator_enable=&#8221;off&#8221;][vc_column][\/vc_column][\/vc_row]<\/p>\n","protected":false},"author":10,"featured_media":0,"parent":0,"menu_order":0,"comment_status":"closed","ping_status":"closed","template":"","meta":{"footnotes":""},"class_list":["post-25373","page","type-page","status-publish","hentry"],"yoast_head":"<!-- This site is optimized with the Yoast SEO plugin v27.5 - https:\/\/yoast.com\/product\/yoast-seo-wordpress\/ -->\n<title>ACTUALIT\u00c9S - Fonds d&#039;emprunt<\/title>\n<meta name=\"robots\" content=\"index, follow, max-snippet:-1, max-image-preview:large, max-video-preview:-1\" \/>\n<link rel=\"canonical\" href=\"https:\/\/microentreprendrechl.com\/blogue\/\" \/>\n<meta property=\"og:locale\" content=\"en_US\" \/>\n<meta property=\"og:type\" content=\"article\" \/>\n<meta property=\"og:title\" content=\"ACTUALIT\u00c9S - Fonds d&#039;emprunt\" \/>\n<meta property=\"og:description\" content=\"[vc_row full_width=&#8221;stretch_row&#8221; bg_type=&#8221;image&#8221; parallax_style=&#8221;vcpb-vz-jquery&#8221; bg_image_new=&#8221;25353&#8243; bg_image_repeat=&#8221;no-repeat&#8221; parallax_sense=&#8221;50&#8243; disable_on_mobile_img_parallax=&#8221;off&#8221; parallax_content=&#8221;parallax_content_value&#8221; parallax_content_sense=&#8221;70&#8243; fadeout_row=&#8221;fadeout_row_value&#8221; fadeout_start_effect=&#8221;50&#8243; enable_overlay=&#8221;enable_overlay_value&#8221; overlay_color=&#8221;rgba(12,13,13,0.5)&#8221; overlay_pattern=&#8221;transperant&#8221; overlay_pattern_opacity=&#8221;0&#8243; seperator_enable=&#8221;seperator_enable_value&#8221; seperator_type=&#8221;triangle_svg_seperator&#8221; seperator_position=&#8221;bottom_seperator&#8221; seperator_svg_height=&#8221;12&#8243; seperator_shape_background=&#8221;#08ada7&#8243; css=&#8221;.vc_custom_1533571429261{margin-bottom: 0px !important;padding-top: 250px !important;padding-bottom: 160px !important;}&#8221;][vc_column][\/vc_column][\/vc_row][vc_row full_width=&#8221;stretch_row&#8221; bg_type=&#8221;bg_color&#8221; enable_overlay=&#8221;enable_overlay_value&#8221; overlay_color=&#8221;rgba(8,173,167,0.9)&#8221; el_class=&#8221;white_text&#8221; css=&#8221;.vc_custom_1428439249281{margin-bottom: 0px !important;padding-top: 24px !important;padding-bottom: 20px !important;}&#8221; bg_color_value=&#8221;#08ada7&#8243;][vc_column][\/vc_column][\/vc_row][vc_row bg_type=&#8221;bg_color&#8221; seperator_enable=&#8221;off&#8221;][vc_column][\/vc_column][\/vc_row]\" \/>\n<meta property=\"og:url\" content=\"https:\/\/microentreprendrechl.com\/blogue\/\" \/>\n<meta property=\"og:site_name\" content=\"Fonds d&#039;emprunt\" \/>\n<meta property=\"article:publisher\" content=\"https:\/\/www.facebook.com\/MicroEntreprendreCHL\" \/>\n<meta property=\"article:modified_time\" content=\"2018-08-06T16:49:25+00:00\" \/>\n<meta name=\"twitter:card\" content=\"summary_large_image\" \/>\n<meta name=\"twitter:label1\" content=\"Est. reading time\" \/>\n\t<meta name=\"twitter:data1\" content=\"1 minute\" \/>\n<script type=\"application\/ld+json\" class=\"yoast-schema-graph\">{\"@context\":\"https:\\\/\\\/schema.org\",\"@graph\":[{\"@type\":\"WebPage\",\"@id\":\"https:\\\/\\\/microentreprendrechl.com\\\/blogue\\\/\",\"url\":\"https:\\\/\\\/microentreprendrechl.com\\\/blogue\\\/\",\"name\":\"ACTUALIT\u00c9S - Fonds d&#039;emprunt\",\"isPartOf\":{\"@id\":\"https:\\\/\\\/microentreprendrechl.com\\\/#website\"},\"datePublished\":\"2018-08-03T12:15:22+00:00\",\"dateModified\":\"2018-08-06T16:49:25+00:00\",\"breadcrumb\":{\"@id\":\"https:\\\/\\\/microentreprendrechl.com\\\/blogue\\\/#breadcrumb\"},\"inLanguage\":\"en-US\",\"potentialAction\":[{\"@type\":\"ReadAction\",\"target\":[\"https:\\\/\\\/microentreprendrechl.com\\\/blogue\\\/\"]}]},{\"@type\":\"BreadcrumbList\",\"@id\":\"https:\\\/\\\/microentreprendrechl.com\\\/blogue\\\/#breadcrumb\",\"itemListElement\":[{\"@type\":\"ListItem\",\"position\":1,\"name\":\"Accueil\",\"item\":\"http:\\\/\\\/microentreprendrechl.com\\\/en\\\/\"},{\"@type\":\"ListItem\",\"position\":2,\"name\":\"ACTUALIT\u00c9S\"}]},{\"@type\":\"WebSite\",\"@id\":\"https:\\\/\\\/microentreprendrechl.com\\\/#website\",\"url\":\"https:\\\/\\\/microentreprendrechl.com\\\/\",\"name\":\"MicroEntreprendre CHL\",\"description\":\"Propulsez votre entreprise vers les plus hauts sommets\",\"potentialAction\":[{\"@type\":\"SearchAction\",\"target\":{\"@type\":\"EntryPoint\",\"urlTemplate\":\"https:\\\/\\\/microentreprendrechl.com\\\/?s={search_term_string}\"},\"query-input\":{\"@type\":\"PropertyValueSpecification\",\"valueRequired\":true,\"valueName\":\"search_term_string\"}}],\"inLanguage\":\"en-US\"}]}<\/script>\n<!-- \/ Yoast SEO plugin. -->","yoast_head_json":{"title":"ACTUALIT\u00c9S - Fonds d&#039;emprunt","robots":{"index":"index","follow":"follow","max-snippet":"max-snippet:-1","max-image-preview":"max-image-preview:large","max-video-preview":"max-video-preview:-1"},"canonical":"https:\/\/microentreprendrechl.com\/blogue\/","og_locale":"en_US","og_type":"article","og_title":"ACTUALIT\u00c9S - Fonds d&#039;emprunt","og_description":"[vc_row full_width=&#8221;stretch_row&#8221; bg_type=&#8221;image&#8221; parallax_style=&#8221;vcpb-vz-jquery&#8221; bg_image_new=&#8221;25353&#8243; bg_image_repeat=&#8221;no-repeat&#8221; parallax_sense=&#8221;50&#8243; disable_on_mobile_img_parallax=&#8221;off&#8221; parallax_content=&#8221;parallax_content_value&#8221; parallax_content_sense=&#8221;70&#8243; fadeout_row=&#8221;fadeout_row_value&#8221; fadeout_start_effect=&#8221;50&#8243; enable_overlay=&#8221;enable_overlay_value&#8221; overlay_color=&#8221;rgba(12,13,13,0.5)&#8221; overlay_pattern=&#8221;transperant&#8221; overlay_pattern_opacity=&#8221;0&#8243; seperator_enable=&#8221;seperator_enable_value&#8221; seperator_type=&#8221;triangle_svg_seperator&#8221; seperator_position=&#8221;bottom_seperator&#8221; seperator_svg_height=&#8221;12&#8243; seperator_shape_background=&#8221;#08ada7&#8243; css=&#8221;.vc_custom_1533571429261{margin-bottom: 0px !important;padding-top: 250px !important;padding-bottom: 160px !important;}&#8221;][vc_column][\/vc_column][\/vc_row][vc_row full_width=&#8221;stretch_row&#8221; bg_type=&#8221;bg_color&#8221; enable_overlay=&#8221;enable_overlay_value&#8221; overlay_color=&#8221;rgba(8,173,167,0.9)&#8221; el_class=&#8221;white_text&#8221; css=&#8221;.vc_custom_1428439249281{margin-bottom: 0px !important;padding-top: 24px !important;padding-bottom: 20px !important;}&#8221; bg_color_value=&#8221;#08ada7&#8243;][vc_column][\/vc_column][\/vc_row][vc_row bg_type=&#8221;bg_color&#8221; seperator_enable=&#8221;off&#8221;][vc_column][\/vc_column][\/vc_row]","og_url":"https:\/\/microentreprendrechl.com\/blogue\/","og_site_name":"Fonds d&#039;emprunt","article_publisher":"https:\/\/www.facebook.com\/MicroEntreprendreCHL","article_modified_time":"2018-08-06T16:49:25+00:00","twitter_card":"summary_large_image","twitter_misc":{"Est. reading time":"1 minute"},"schema":{"@context":"https:\/\/schema.org","@graph":[{"@type":"WebPage","@id":"https:\/\/microentreprendrechl.com\/blogue\/","url":"https:\/\/microentreprendrechl.com\/blogue\/","name":"ACTUALIT\u00c9S - Fonds d&#039;emprunt","isPartOf":{"@id":"https:\/\/microentreprendrechl.com\/#website"},"datePublished":"2018-08-03T12:15:22+00:00","dateModified":"2018-08-06T16:49:25+00:00","breadcrumb":{"@id":"https:\/\/microentreprendrechl.com\/blogue\/#breadcrumb"},"inLanguage":"en-US","potentialAction":[{"@type":"ReadAction","target":["https:\/\/microentreprendrechl.com\/blogue\/"]}]},{"@type":"BreadcrumbList","@id":"https:\/\/microentreprendrechl.com\/blogue\/#breadcrumb","itemListElement":[{"@type":"ListItem","position":1,"name":"Accueil","item":"http:\/\/microentreprendrechl.com\/en\/"},{"@type":"ListItem","position":2,"name":"ACTUALIT\u00c9S"}]},{"@type":"WebSite","@id":"https:\/\/microentreprendrechl.com\/#website","url":"https:\/\/microentreprendrechl.com\/","name":"MicroEntreprendre CHL","description":"Propulsez votre entreprise vers les plus hauts sommets","potentialAction":[{"@type":"SearchAction","target":{"@type":"EntryPoint","urlTemplate":"https:\/\/microentreprendrechl.com\/?s={search_term_string}"},"query-input":{"@type":"PropertyValueSpecification","valueRequired":true,"valueName":"search_term_string"}}],"inLanguage":"en-US"}]}},"_links":{"self":[{"href":"http:\/\/microentreprendrechl.com\/en\/wp-json\/wp\/v2\/pages\/25373","targetHints":{"allow":["GET"]}}],"collection":[{"href":"http:\/\/microentreprendrechl.com\/en\/wp-json\/wp\/v2\/pages"}],"about":[{"href":"http:\/\/microentreprendrechl.com\/en\/wp-json\/wp\/v2\/types\/page"}],"author":[{"embeddable":true,"href":"http:\/\/microentreprendrechl.com\/en\/wp-json\/wp\/v2\/users\/10"}],"replies":[{"embeddable":true,"href":"http:\/\/microentreprendrechl.com\/en\/wp-json\/wp\/v2\/comments?post=25373"}],"version-history":[{"count":0,"href":"http:\/\/microentreprendrechl.com\/en\/wp-json\/wp\/v2\/pages\/25373\/revisions"}],"wp:attachment":[{"href":"http:\/\/microentreprendrechl.com\/en\/wp-json\/wp\/v2\/media?parent=25373"}],"curies":[{"name":"wp","href":"https:\/\/api.w.org\/{rel}","templated":true}]}}